{"id":1359,"date":"2024-11-06T08:21:42","date_gmt":"2024-11-06T08:21:42","guid":{"rendered":"https:\/\/welscher-publishing.com\/?page_id=1359"},"modified":"2025-01-09T21:05:05","modified_gmt":"2025-01-09T21:05:05","slug":"newsletter-abonnieren","status":"publish","type":"page","link":"https:\/\/welscher-publishing.com\/de\/newsletter-abonnieren\/","title":{"rendered":"Newsletter Abonnieren"},"content":{"rendered":"\t\t<div data-elementor-type=\"wp-page\" data-elementor-id=\"1359\" class=\"elementor elementor-1359\">\n\t\t\t\t<div class=\"elementor-element elementor-element-03be516 e-con-full e-flex e-con e-parent\" data-id=\"03be516\" data-element_type=\"container\" data-e-type=\"container\" data-settings=\"{&quot;background_background&quot;:&quot;classic&quot;}\">\n\t\t\t\t<div class=\"elementor-element elementor-element-abceac8 elementor-widget elementor-widget-spacer\" data-id=\"abceac8\" data-element_type=\"widget\" data-e-type=\"widget\" data-widget_type=\"spacer.default\">\n\t\t\t\t<div class=\"elementor-widget-container\">\n\t\t\t\t\t\t\t<div class=\"elementor-spacer\">\n\t\t\t<div class=\"elementor-spacer-inner\"><\/div>\n\t\t<\/div>\n\t\t\t\t\t\t<\/div>\n\t\t\t\t<\/div>\n\t\t\t\t<\/div>\n\t\t<div class=\"elementor-element elementor-element-9ec20e0 e-con-full e-flex elementor-invisible e-con e-parent\" data-id=\"9ec20e0\" data-element_type=\"container\" data-e-type=\"container\" data-settings=\"{&quot;animation&quot;:&quot;fadeIn&quot;}\">\n\t\t\t\t<div class=\"elementor-element elementor-element-570e7e6 elementor-invisible elementor-widget elementor-widget-heading\" data-id=\"570e7e6\" data-element_type=\"widget\" data-e-type=\"widget\" data-settings=\"{&quot;_animation&quot;:&quot;fadeIn&quot;}\" data-widget_type=\"heading.default\">\n\t\t\t\t<div class=\"elementor-widget-container\">\n\t\t\t\t\t<h2 class=\"elementor-heading-title elementor-size-default\">Bleiben Sie auf dem Laufenden<\/h2>\t\t\t\t<\/div>\n\t\t\t\t<\/div>\n\t\t\t\t<div class=\"elementor-element elementor-element-bc08067 elementor-widget-divider--view-line elementor-invisible elementor-widget elementor-widget-divider\" data-id=\"bc08067\" data-element_type=\"widget\" data-e-type=\"widget\" data-settings=\"{&quot;_animation&quot;:&quot;fadeIn&quot;}\" data-widget_type=\"divider.default\">\n\t\t\t\t<div class=\"elementor-widget-container\">\n\t\t\t\t\t\t\t<div class=\"elementor-divider\">\n\t\t\t<span class=\"elementor-divider-separator\">\n\t\t\t\t\t\t<\/span>\n\t\t<\/div>\n\t\t\t\t\t\t<\/div>\n\t\t\t\t<\/div>\n\t\t\t\t<div class=\"elementor-element elementor-element-bb662c4 elementor-invisible elementor-widget elementor-widget-text-editor\" data-id=\"bb662c4\" data-element_type=\"widget\" data-e-type=\"widget\" data-settings=\"{&quot;_animation&quot;:&quot;fadeIn&quot;}\" data-widget_type=\"text-editor.default\">\n\t\t\t\t<div class=\"elementor-widget-container\">\n\t\t\t\t\t\t\t\t\t<p>Das k\u00f6nnen Sie von unserem Newsletter erwarten: Information \u00fcber Welscher Publishing Events, selektive Updates aus der Welt der Unternehmenskommunikation, Marketing-Insights f\u00fcr Ihr Unternehmen und besondere, best-in-class Werbekampagnen.<\/p>\t\t\t\t\t\t\t\t<\/div>\n\t\t\t\t<\/div>\n\t\t\t\t<\/div>\n\t\t<div class=\"elementor-element elementor-element-846cf6f e-con-full e-flex elementor-invisible e-con e-parent\" data-id=\"846cf6f\" data-element_type=\"container\" data-e-type=\"container\" data-settings=\"{&quot;animation&quot;:&quot;fadeIn&quot;}\">\n\t\t<div class=\"elementor-element elementor-element-134610a e-con-full e-flex elementor-invisible e-con e-child\" data-id=\"134610a\" data-element_type=\"container\" data-e-type=\"container\" data-settings=\"{&quot;animation&quot;:&quot;fadeIn&quot;}\">\n\t\t\t\t<div class=\"elementor-element elementor-element-fc48eff elementor-widget elementor-widget-wpforms\" data-id=\"fc48eff\" data-element_type=\"widget\" data-e-type=\"widget\" data-widget_type=\"wpforms.default\">\n\t\t\t\t<div class=\"elementor-widget-container\">\n\t\t\t\t\t<style id=\"wpforms-css-vars-elementor-widget-fc48eff\">\n\t\t\t\t.elementor-widget-wpforms.elementor-element-fc48eff {\n\t\t\t\t--wpforms-button-background-color: #000000;\n\t\t\t}\n\t\t\t<\/style><div class=\"wpforms-container wpforms-container-full wpforms-render-modern\" id=\"wpforms-1352\"><form id=\"wpforms-form-1352\" class=\"wpforms-validate wpforms-form wpforms-ajax-form\" data-formid=\"1352\" method=\"post\" enctype=\"multipart\/form-data\" action=\"\/de\/wp-json\/wp\/v2\/pages\/1359\" data-token=\"36128fb4cff18d73a353421cd2e09371\" data-token-time=\"1777299582\"><noscript class=\"wpforms-error-noscript\">Bitte aktiviere JavaScript in deinem Browser, um dieses Formular fertigzustellen.<\/noscript><div id=\"wpforms-error-noscript\" style=\"display: none;\">Bitte aktiviere JavaScript in deinem Browser, um dieses Formular fertigzustellen.<\/div><div class=\"wpforms-field-container\"><div id=\"wpforms-1352-field_1-container\" class=\"wpforms-field wpforms-field-name\" data-field-id=\"1\"><fieldset><legend class=\"wpforms-field-label\">Name <span class=\"wpforms-required-label\" aria-hidden=\"true\">*<\/span><\/legend><div class=\"wpforms-field-row wpforms-field-large\"><div class=\"wpforms-field-row-block wpforms-first wpforms-one-half\"><input type=\"text\" id=\"wpforms-1352-field_1\" class=\"wpforms-field-name-first wpforms-field-required\" name=\"wpforms[fields][1][first]\" aria-errormessage=\"wpforms-1352-field_1-error\" required><label for=\"wpforms-1352-field_1\" class=\"wpforms-field-sublabel after\">Vorname<\/label><\/div><div class=\"wpforms-field-row-block wpforms-one-half\"><input type=\"text\" id=\"wpforms-1352-field_1-last\" class=\"wpforms-field-name-last wpforms-field-required\" name=\"wpforms[fields][1][last]\" aria-errormessage=\"wpforms-1352-field_1-last-error\" required><label for=\"wpforms-1352-field_1-last\" class=\"wpforms-field-sublabel after\">Nachname<\/label><\/div><\/div><\/fieldset><\/div><div id=\"wpforms-1352-field_2-container\" class=\"wpforms-field wpforms-field-email\" data-field-id=\"2\"><label class=\"wpforms-field-label\" for=\"wpforms-1352-field_2\">Email <span class=\"wpforms-required-label\" aria-hidden=\"true\">*<\/span><\/label><input type=\"email\" id=\"wpforms-1352-field_2\" class=\"wpforms-field-large wpforms-field-required\" name=\"wpforms[fields][2]\" spellcheck=\"false\" aria-errormessage=\"wpforms-1352-field_2-error\" required><\/div>\t\t<div id=\"wpforms-1352-field_4-container\"\n\t\t\tclass=\"wpforms-field wpforms-field-text\"\n\t\t\tdata-field-type=\"text\"\n\t\t\tdata-field-id=\"4\"\n\t\t\t>\n\t\t\t<label class=\"wpforms-field-label\" for=\"wpforms-1352-field_4\" >Abo Name Email<\/label>\n\t\t\t<input type=\"text\" id=\"wpforms-1352-field_4\" class=\"wpforms-field-medium\" name=\"wpforms[fields][4]\" >\n\t\t<\/div>\n\t\t<div id=\"wpforms-1352-field_3-container\" class=\"wpforms-field wpforms-field-checkbox abo\" data-field-id=\"3\"><fieldset><legend class=\"wpforms-field-label wpforms-label-hide\" aria-hidden=\"false\">Abo <span class=\"wpforms-required-label\" aria-hidden=\"true\">*<\/span><\/legend><ul id=\"wpforms-1352-field_3\" class=\"wpforms-field-required\"><li class=\"choice-1 depth-1\"><input type=\"checkbox\" id=\"wpforms-1352-field_3_1\" name=\"wpforms[fields][3][]\" value=\"Ich bin damit einverstanden, dass meine Daten zum Zwecke der Anmeldung zum Newsletter gespeichert und weiterverarbeitet werden.\" aria-errormessage=\"wpforms-1352-field_3_1-error\" required ><label class=\"wpforms-field-label-inline\" for=\"wpforms-1352-field_3_1\">Ich bin damit einverstanden, dass meine Daten zum Zwecke der Anmeldung zum Newsletter gespeichert und weiterverarbeitet werden.<\/label><\/li><\/ul><\/fieldset><\/div><script>\n\t\t\t\t( function() {\n\t\t\t\t\tconst style = document.createElement( 'style' );\n\t\t\t\t\tstyle.appendChild( document.createTextNode( '#wpforms-1352-field_4-container { position: absolute !important; overflow: hidden !important; display: inline !important; height: 1px !important; width: 1px !important; z-index: -1000 !important; padding: 0 !important; } #wpforms-1352-field_4-container input { visibility: hidden; } #wpforms-conversational-form-page #wpforms-1352-field_4-container label { counter-increment: none; }' ) );\n\t\t\t\t\tdocument.head.appendChild( style );\n\t\t\t\t\tdocument.currentScript?.remove();\n\t\t\t\t} )();\n\t\t\t<\/script><\/div><!-- .wpforms-field-container --><div class=\"wpforms-submit-container\" ><input type=\"hidden\" name=\"wpforms[id]\" value=\"1352\"><input type=\"hidden\" name=\"page_title\" value=\"\"><input type=\"hidden\" name=\"page_url\" value=\"https:\/\/welscher-publishing.com\/de\/wp-json\/wp\/v2\/pages\/1359\"><input type=\"hidden\" name=\"url_referer\" value=\"\"><button type=\"submit\" name=\"wpforms[submit]\" id=\"wpforms-submit-1352\" class=\"wpforms-submit\" data-alt-text=\"Sending...\" data-submit-text=\"Jetzt Abonnieren\" aria-live=\"assertive\" value=\"wpforms-submit\">Jetzt Abonnieren<\/button><img decoding=\"async\" src=\"https:\/\/welscher-publishing.com\/wp-content\/plugins\/wpforms-lite\/assets\/images\/submit-spin.svg\" class=\"wpforms-submit-spinner\" style=\"display: none;\" width=\"26\" height=\"26\" alt=\"Wird geladen\"><\/div><\/form><\/div>  <!-- .wpforms-container -->\t\t\t\t<\/div>\n\t\t\t\t<\/div>\n\t\t\t\t<\/div>\n\t\t\t\t<\/div>\n\t\t<div class=\"elementor-element elementor-element-aacc0fe e-con-full e-flex elementor-invisible e-con e-parent\" data-id=\"aacc0fe\" data-element_type=\"container\" data-e-type=\"container\" data-settings=\"{&quot;background_background&quot;:&quot;classic&quot;,&quot;animation&quot;:&quot;fadeIn&quot;}\">\n\t\t<div class=\"elementor-element elementor-element-3eed49bb e-con-full e-flex e-con e-child\" data-id=\"3eed49bb\" data-element_type=\"container\" data-e-type=\"container\">\n\t\t<div class=\"elementor-element elementor-element-afc0627 e-con-full e-flex e-con e-child\" data-id=\"afc0627\" data-element_type=\"container\" data-e-type=\"container\">\n\t\t\t\t<div class=\"elementor-element elementor-element-315f5ac5 elementor-widget elementor-widget-heading\" data-id=\"315f5ac5\" data-element_type=\"widget\" data-e-type=\"widget\" data-widget_type=\"heading.default\">\n\t\t\t\t<div class=\"elementor-widget-container\">\n\t\t\t\t\t<h2 class=\"elementor-heading-title elementor-size-default\">Kontakt<\/h2>\t\t\t\t<\/div>\n\t\t\t\t<\/div>\n\t\t\t\t<div class=\"elementor-element elementor-element-36040dd8 elementor-widget-divider--view-line elementor-widget elementor-widget-divider\" data-id=\"36040dd8\" data-element_type=\"widget\" data-e-type=\"widget\" data-widget_type=\"divider.default\">\n\t\t\t\t<div class=\"elementor-widget-container\">\n\t\t\t\t\t\t\t<div class=\"elementor-divider\">\n\t\t\t<span class=\"elementor-divider-separator\">\n\t\t\t\t\t\t<\/span>\n\t\t<\/div>\n\t\t\t\t\t\t<\/div>\n\t\t\t\t<\/div>\n\t\t\t\t<\/div>\n\t\t<div class=\"elementor-element elementor-element-558ccb6a e-con-full e-flex e-con e-child\" data-id=\"558ccb6a\" data-element_type=\"container\" data-e-type=\"container\">\n\t\t<div class=\"elementor-element elementor-element-1a7958f7 e-con-full e-flex e-con e-child\" data-id=\"1a7958f7\" data-element_type=\"container\" data-e-type=\"container\">\n\t\t\t\t<div class=\"elementor-element elementor-element-7187c03f elementor-widget elementor-widget-text-editor\" data-id=\"7187c03f\" data-element_type=\"widget\" data-e-type=\"widget\" data-widget_type=\"text-editor.default\">\n\t\t\t\t<div class=\"elementor-widget-container\">\n\t\t\t\t\t\t\t\t\t<p><strong>GESPR\u00c4CH VEREINBAREN<br><\/strong><\/p>\n<p>Verwenden Sie unseren Online-Kalender, um ein pers\u00f6nliches Gespr\u00e4ch mit uns zu vereinbaren.<\/p>\t\t\t\t\t\t\t\t<\/div>\n\t\t\t\t<\/div>\n\t\t\t\t<div class=\"elementor-element elementor-element-70f56d00 elementor-widget elementor-widget-button\" data-id=\"70f56d00\" data-element_type=\"widget\" data-e-type=\"widget\" data-widget_type=\"button.default\">\n\t\t\t\t<div class=\"elementor-widget-container\">\n\t\t\t\t\t\t\t\t\t<div class=\"elementor-button-wrapper\">\n\t\t\t\t\t<a class=\"elementor-button elementor-button-link elementor-size-sm\" href=\"https:\/\/calendly.com\/welscher-publishing\/felix-broeckling\">\n\t\t\t\t\t\t<span class=\"elementor-button-content-wrapper\">\n\t\t\t\t\t\t\t\t\t<span class=\"elementor-button-text\">Zur Buchung<\/span>\n\t\t\t\t\t<\/span>\n\t\t\t\t\t<\/a>\n\t\t\t\t<\/div>\n\t\t\t\t\t\t\t\t<\/div>\n\t\t\t\t<\/div>\n\t\t\t\t<\/div>\n\t\t<div class=\"elementor-element elementor-element-65ca84c3 e-con-full e-flex e-con e-child\" data-id=\"65ca84c3\" data-element_type=\"container\" data-e-type=\"container\">\n\t\t\t\t<div class=\"elementor-element elementor-element-6e31ca7c elementor-widget elementor-widget-text-editor\" data-id=\"6e31ca7c\" data-element_type=\"widget\" data-e-type=\"widget\" data-widget_type=\"text-editor.default\">\n\t\t\t\t<div class=\"elementor-widget-container\">\n\t\t\t\t\t\t\t\t\t<p>Welscher Publishing GmbH<br \/>Br\u00fcckenstra\u00dfe 2, 10179 Berlin<\/p>\t\t\t\t\t\t\t\t<\/div>\n\t\t\t\t<\/div>\n\t\t\t\t<div class=\"elementor-element elementor-element-5a171ec2 elementor-widget elementor-widget-text-editor\" data-id=\"5a171ec2\" data-element_type=\"widget\" data-e-type=\"widget\" id=\"footer.tel\" data-widget_type=\"text-editor.default\">\n\t\t\t\t<div class=\"elementor-widget-container\">\n\t\t\t\t\t\t\t\t\t<p><strong>Office: +49 (0)156 7850 9730<br \/><\/strong>E-Mail: admin@welscher-publishing.com<\/p>\t\t\t\t\t\t\t\t<\/div>\n\t\t\t\t<\/div>\n\t\t\t\t<\/div>\n\t\t\t\t<\/div>\n\t\t<div class=\"elementor-element elementor-element-3ad50f8a e-con-full e-flex e-con e-child\" data-id=\"3ad50f8a\" data-element_type=\"container\" data-e-type=\"container\">\n\t\t<div class=\"elementor-element elementor-element-499695fb e-con-full e-flex e-con e-child\" data-id=\"499695fb\" data-element_type=\"container\" data-e-type=\"container\">\n\t\t\t\t<div class=\"elementor-element elementor-element-4a13673f elementor-widget elementor-widget-text-editor\" data-id=\"4a13673f\" data-element_type=\"widget\" data-e-type=\"widget\" data-widget_type=\"text-editor.default\">\n\t\t\t\t<div class=\"elementor-widget-container\">\n\t\t\t\t\t\t\t\t\t<div>\n<aside data-section=\"sidebar-widgets-footer-widget-1\" aria-label=\"Footer Widget 1\">\n<section id=\"block-3\">\n<p>Copyright \u00a9 2025 Welscher Publishing GmbH.<\/p>\n<\/section>\n<\/aside>\n<\/div>\t\t\t\t\t\t\t\t<\/div>\n\t\t\t\t<\/div>\n\t\t\t\t<\/div>\n\t\t<div class=\"elementor-element elementor-element-c1d5e50 e-con-full e-flex e-con e-child\" data-id=\"c1d5e50\" data-element_type=\"container\" data-e-type=\"container\">\n\t\t\t\t<div class=\"elementor-element elementor-element-7ac2a599 elementor-widget elementor-widget-text-editor\" data-id=\"7ac2a599\" data-element_type=\"widget\" data-e-type=\"widget\" data-widget_type=\"text-editor.default\">\n\t\t\t\t<div class=\"elementor-widget-container\">\n\t\t\t\t\t\t\t\t\t<p><span style=\"color: #ffffff;\"><a style=\"color: #ffffff;\" href=\"https:\/\/welscher-publishing.com\/allgemeine-geschaeftsbedingungen\/\"><span class=\"HwtZe\" lang=\"de\"><span class=\"jCAhz ChMk0b\"><span class=\"ryNqvb\">Allgemeine Gesch\u00e4ftsbedingungen<\/span><\/span><\/span><\/a> \u00a0\u00a0 <a style=\"color: #ffffff;\" href=\"https:\/\/welscher-publishing.com\/impressum\/\">Impressum<\/a> \u00a0\u00a0 <a style=\"color: #ffffff;\" href=\"https:\/\/welscher-publishing.com\/datenschutzerklaerung\/\">Datenschutz<\/a><\/span><\/p>\t\t\t\t\t\t\t\t<\/div>\n\t\t\t\t<\/div>\n\t\t\t\t<\/div>\n\t\t\t\t<\/div>\n\t\t\t\t<\/div>\n\t\t\t\t<\/div>\n\t\t\t\t<\/div>\n\t\t","protected":false},"excerpt":{"rendered":"<p>Bleiben Sie auf dem Laufenden Das k\u00f6nnen Sie von unserem Newsletter erwarten: Information \u00fcber Welscher Publishing Events, selektive Updates aus [&hellip;]<\/p>\n","protected":false},"author":1,"featured_media":0,"parent":0,"menu_order":0,"comment_status":"closed","ping_status":"closed","template":"","meta":{"_coblocks_attr":"","_coblocks_dimensions":"","_coblocks_responsive_height":"","_coblocks_accordion_ie_support":"","site-sidebar-layout":"no-sidebar","site-content-layout":"","ast-site-content-layout":"full-width-container","site-content-style":"default","site-sidebar-style":"default","ast-global-header-display":"","ast-banner-title-visibility":"","ast-main-header-display":"","ast-hfb-above-header-display":"","ast-hfb-below-header-display":"","ast-hfb-mobile-header-display":"","site-post-title":"disabled","ast-breadcrumbs-content":"","ast-featured-img":"disabled","footer-sml-layout":"","ast-disable-related-posts":"","theme-transparent-header-meta":"","adv-header-id-meta":"","stick-header-meta":"","header-above-stick-meta":"","header-main-stick-meta":"","header-below-stick-meta":"","astra-migrate-meta-layouts":"default","ast-page-background-enabled":"default","ast-page-background-meta":{"desktop":{"background-color":"var(--ast-global-color-4)","background-image":"","background-repeat":"repeat","background-position":"center center","background-size":"auto","background-attachment":"scroll","background-type":"","background-media":"","overlay-type":"","overlay-color":"","overlay-opacity":"","overlay-gradient":""},"tablet":{"background-color":"","background-image":"","background-repeat":"repeat","background-position":"center center","background-size":"auto","background-attachment":"scroll","background-type":"","background-media":"","overlay-type":"","overlay-color":"","overlay-opacity":"","overlay-gradient":""},"mobile":{"background-color":"","background-image":"","background-repeat":"repeat","background-position":"center center","background-size":"auto","background-attachment":"scroll","background-type":"","background-media":"","overlay-type":"","overlay-color":"","overlay-opacity":"","overlay-gradient":""}},"ast-content-background-meta":{"desktop":{"background-color":"var(--ast-global-color-5)","background-image":"","background-repeat":"repeat","background-position":"center center","background-size":"auto","background-attachment":"scroll","background-type":"","background-media":"","overlay-type":"","overlay-color":"","overlay-opacity":"","overlay-gradient":""},"tablet":{"background-color":"var(--ast-global-color-5)","background-image":"","background-repeat":"repeat","background-position":"center center","background-size":"auto","background-attachment":"scroll","background-type":"","background-media":"","overlay-type":"","overlay-color":"","overlay-opacity":"","overlay-gradient":""},"mobile":{"background-color":"var(--ast-global-color-5)","background-image":"","background-repeat":"repeat","background-position":"center center","background-size":"auto","background-attachment":"scroll","background-type":"","background-media":"","overlay-type":"","overlay-color":"","overlay-opacity":"","overlay-gradient":""}},"footnotes":""},"class_list":["post-1359","page","type-page","status-publish","hentry"],"yoast_head":"<!-- This site is optimized with the Yoast SEO plugin v27.4 - https:\/\/yoast.com\/product\/yoast-seo-wordpress\/ -->\n<title>Newsletter Abonnieren - WELSCHER PUBLISHING<\/title>\n<meta name=\"robots\" content=\"index, follow, max-snippet:-1, max-image-preview:large, max-video-preview:-1\" \/>\n<link rel=\"canonical\" href=\"https:\/\/welscher-publishing.com\/de\/newsletter-abonnieren\/\" \/>\n<meta property=\"og:locale\" content=\"de_DE\" \/>\n<meta property=\"og:type\" content=\"article\" \/>\n<meta property=\"og:title\" content=\"Newsletter Abonnieren - WELSCHER PUBLISHING\" \/>\n<meta property=\"og:description\" content=\"Bleiben Sie auf dem Laufenden Das k\u00f6nnen Sie von unserem Newsletter erwarten: Information \u00fcber Welscher Publishing Events, selektive Updates aus [&hellip;]\" \/>\n<meta property=\"og:url\" content=\"https:\/\/welscher-publishing.com\/de\/newsletter-abonnieren\/\" \/>\n<meta property=\"og:site_name\" content=\"WELSCHER PUBLISHING\" \/>\n<meta property=\"article:modified_time\" content=\"2025-01-09T21:05:05+00:00\" \/>\n<meta property=\"og:image\" content=\"https:\/\/welscher-publishing.com\/wp-content\/plugins\/wpforms-lite\/assets\/images\/submit-spin.svg\" \/>\n<meta name=\"twitter:card\" content=\"summary_large_image\" \/>\n<meta name=\"twitter:label1\" content=\"Gesch\u00e4tzte Lesezeit\" \/>\n\t<meta name=\"twitter:data1\" content=\"1\u00a0Minute\" \/>\n<script type=\"application\/ld+json\" class=\"yoast-schema-graph\">{\"@context\":\"https:\\\/\\\/schema.org\",\"@graph\":[{\"@type\":\"WebPage\",\"@id\":\"https:\\\/\\\/welscher-publishing.com\\\/de\\\/newsletter-abonnieren\\\/\",\"url\":\"https:\\\/\\\/welscher-publishing.com\\\/de\\\/newsletter-abonnieren\\\/\",\"name\":\"Newsletter Abonnieren - WELSCHER PUBLISHING\",\"isPartOf\":{\"@id\":\"https:\\\/\\\/welscher-publishing.com\\\/de\\\/#website\"},\"primaryImageOfPage\":{\"@id\":\"https:\\\/\\\/welscher-publishing.com\\\/de\\\/newsletter-abonnieren\\\/#primaryimage\"},\"image\":{\"@id\":\"https:\\\/\\\/welscher-publishing.com\\\/de\\\/newsletter-abonnieren\\\/#primaryimage\"},\"thumbnailUrl\":\"https:\\\/\\\/welscher-publishing.com\\\/wp-content\\\/plugins\\\/wpforms-lite\\\/assets\\\/images\\\/submit-spin.svg\",\"datePublished\":\"2024-11-06T08:21:42+00:00\",\"dateModified\":\"2025-01-09T21:05:05+00:00\",\"breadcrumb\":{\"@id\":\"https:\\\/\\\/welscher-publishing.com\\\/de\\\/newsletter-abonnieren\\\/#breadcrumb\"},\"inLanguage\":\"de\",\"potentialAction\":[{\"@type\":\"ReadAction\",\"target\":[\"https:\\\/\\\/welscher-publishing.com\\\/de\\\/newsletter-abonnieren\\\/\"]}]},{\"@type\":\"ImageObject\",\"inLanguage\":\"de\",\"@id\":\"https:\\\/\\\/welscher-publishing.com\\\/de\\\/newsletter-abonnieren\\\/#primaryimage\",\"url\":\"https:\\\/\\\/welscher-publishing.com\\\/wp-content\\\/plugins\\\/wpforms-lite\\\/assets\\\/images\\\/submit-spin.svg\",\"contentUrl\":\"https:\\\/\\\/welscher-publishing.com\\\/wp-content\\\/plugins\\\/wpforms-lite\\\/assets\\\/images\\\/submit-spin.svg\"},{\"@type\":\"BreadcrumbList\",\"@id\":\"https:\\\/\\\/welscher-publishing.com\\\/de\\\/newsletter-abonnieren\\\/#breadcrumb\",\"itemListElement\":[{\"@type\":\"ListItem\",\"position\":1,\"name\":\"Home\",\"item\":\"https:\\\/\\\/welscher-publishing.com\\\/de\\\/\"},{\"@type\":\"ListItem\",\"position\":2,\"name\":\"Newsletter Abonnieren\"}]},{\"@type\":\"WebSite\",\"@id\":\"https:\\\/\\\/welscher-publishing.com\\\/de\\\/#website\",\"url\":\"https:\\\/\\\/welscher-publishing.com\\\/de\\\/\",\"name\":\"WELSCHER PUBLISHING\",\"description\":\"\",\"potentialAction\":[{\"@type\":\"SearchAction\",\"target\":{\"@type\":\"EntryPoint\",\"urlTemplate\":\"https:\\\/\\\/welscher-publishing.com\\\/de\\\/?s={search_term_string}\"},\"query-input\":{\"@type\":\"PropertyValueSpecification\",\"valueRequired\":true,\"valueName\":\"search_term_string\"}}],\"inLanguage\":\"de\"}]}<\/script>\n<!-- \/ Yoast SEO plugin. -->","yoast_head_json":{"title":"Newsletter Abonnieren - WELSCHER PUBLISHING","robots":{"index":"index","follow":"follow","max-snippet":"max-snippet:-1","max-image-preview":"max-image-preview:large","max-video-preview":"max-video-preview:-1"},"canonical":"https:\/\/welscher-publishing.com\/de\/newsletter-abonnieren\/","og_locale":"de_DE","og_type":"article","og_title":"Newsletter Abonnieren - WELSCHER PUBLISHING","og_description":"Bleiben Sie auf dem Laufenden Das k\u00f6nnen Sie von unserem Newsletter erwarten: Information \u00fcber Welscher Publishing Events, selektive Updates aus [&hellip;]","og_url":"https:\/\/welscher-publishing.com\/de\/newsletter-abonnieren\/","og_site_name":"WELSCHER PUBLISHING","article_modified_time":"2025-01-09T21:05:05+00:00","og_image":[{"url":"https:\/\/welscher-publishing.com\/wp-content\/plugins\/wpforms-lite\/assets\/images\/submit-spin.svg","type":"","width":"","height":""}],"twitter_card":"summary_large_image","twitter_misc":{"Gesch\u00e4tzte Lesezeit":"1\u00a0Minute"},"schema":{"@context":"https:\/\/schema.org","@graph":[{"@type":"WebPage","@id":"https:\/\/welscher-publishing.com\/de\/newsletter-abonnieren\/","url":"https:\/\/welscher-publishing.com\/de\/newsletter-abonnieren\/","name":"Newsletter Abonnieren - WELSCHER PUBLISHING","isPartOf":{"@id":"https:\/\/welscher-publishing.com\/de\/#website"},"primaryImageOfPage":{"@id":"https:\/\/welscher-publishing.com\/de\/newsletter-abonnieren\/#primaryimage"},"image":{"@id":"https:\/\/welscher-publishing.com\/de\/newsletter-abonnieren\/#primaryimage"},"thumbnailUrl":"https:\/\/welscher-publishing.com\/wp-content\/plugins\/wpforms-lite\/assets\/images\/submit-spin.svg","datePublished":"2024-11-06T08:21:42+00:00","dateModified":"2025-01-09T21:05:05+00:00","breadcrumb":{"@id":"https:\/\/welscher-publishing.com\/de\/newsletter-abonnieren\/#breadcrumb"},"inLanguage":"de","potentialAction":[{"@type":"ReadAction","target":["https:\/\/welscher-publishing.com\/de\/newsletter-abonnieren\/"]}]},{"@type":"ImageObject","inLanguage":"de","@id":"https:\/\/welscher-publishing.com\/de\/newsletter-abonnieren\/#primaryimage","url":"https:\/\/welscher-publishing.com\/wp-content\/plugins\/wpforms-lite\/assets\/images\/submit-spin.svg","contentUrl":"https:\/\/welscher-publishing.com\/wp-content\/plugins\/wpforms-lite\/assets\/images\/submit-spin.svg"},{"@type":"BreadcrumbList","@id":"https:\/\/welscher-publishing.com\/de\/newsletter-abonnieren\/#breadcrumb","itemListElement":[{"@type":"ListItem","position":1,"name":"Home","item":"https:\/\/welscher-publishing.com\/de\/"},{"@type":"ListItem","position":2,"name":"Newsletter Abonnieren"}]},{"@type":"WebSite","@id":"https:\/\/welscher-publishing.com\/de\/#website","url":"https:\/\/welscher-publishing.com\/de\/","name":"WELSCHER PUBLISHING","description":"","potentialAction":[{"@type":"SearchAction","target":{"@type":"EntryPoint","urlTemplate":"https:\/\/welscher-publishing.com\/de\/?s={search_term_string}"},"query-input":{"@type":"PropertyValueSpecification","valueRequired":true,"valueName":"search_term_string"}}],"inLanguage":"de"}]}},"_links":{"self":[{"href":"https:\/\/welscher-publishing.com\/de\/wp-json\/wp\/v2\/pages\/1359","targetHints":{"allow":["GET"]}}],"collection":[{"href":"https:\/\/welscher-publishing.com\/de\/wp-json\/wp\/v2\/pages"}],"about":[{"href":"https:\/\/welscher-publishing.com\/de\/wp-json\/wp\/v2\/types\/page"}],"author":[{"embeddable":true,"href":"https:\/\/welscher-publishing.com\/de\/wp-json\/wp\/v2\/users\/1"}],"replies":[{"embeddable":true,"href":"https:\/\/welscher-publishing.com\/de\/wp-json\/wp\/v2\/comments?post=1359"}],"version-history":[{"count":37,"href":"https:\/\/welscher-publishing.com\/de\/wp-json\/wp\/v2\/pages\/1359\/revisions"}],"predecessor-version":[{"id":2156,"href":"https:\/\/welscher-publishing.com\/de\/wp-json\/wp\/v2\/pages\/1359\/revisions\/2156"}],"wp:attachment":[{"href":"https:\/\/welscher-publishing.com\/de\/wp-json\/wp\/v2\/media?parent=1359"}],"curies":[{"name":"wp","href":"https:\/\/api.w.org\/{rel}","templated":true}]}}